{"id":10960,"date":"2021-10-18T10:13:36","date_gmt":"2021-10-18T08:13:36","guid":{"rendered":"https:\/\/www.hotelhanoibegur.com\/playas\/"},"modified":"2022-04-10T20:31:40","modified_gmt":"2022-04-10T18:31:40","slug":"plages","status":"publish","type":"page","link":"https:\/\/www.hotelhanoibegur.com\/fr\/plages\/","title":{"rendered":"Plages"},"content":{"rendered":"[vc_row type=&#8221;in_container&#8221; full_screen_row_position=&#8221;middle&#8221; column_margin=&#8221;default&#8221; column_direction=&#8221;default&#8221; column_direction_tablet=&#8221;default&#8221; column_direction_phone=&#8221;default&#8221; scene_position=&#8221;center&#8221; text_color=&#8221;dark&#8221; text_align=&#8221;left&#8221; row_border_radius=&#8221;none&#8221; row_border_radius_applies=&#8221;bg&#8221; overlay_strength=&#8221;0.3&#8243; gradient_direction=&#8221;left_to_right&#8221; shape_divider_position=&#8221;bottom&#8221; bg_image_animation=&#8221;none&#8221;][vc_column column_padding=&#8221;no-extra-padding&#8221; column_padding_tablet=&#8221;inherit&#8221; column_padding_phone=&#8221;inherit&#8221; column_padding_position=&#8221;all&#8221; background_color_opacity=&#8221;1&#8243; background_hover_color_opacity=&#8221;1&#8243; column_shadow=&#8221;none&#8221; column_border_radius=&#8221;none&#8221; column_link_target=&#8221;_self&#8221; gradient_direction=&#8221;left_to_right&#8221; overlay_strength=&#8221;0.3&#8243; width=&#8221;1\/1&#8243; tablet_width_inherit=&#8221;default&#8221; tablet_text_alignment=&#8221;default&#8221; phone_text_alignment=&#8221;default&#8221; column_border_width=&#8221;none&#8221; column_border_style=&#8221;solid&#8221; bg_image_animation=&#8221;none&#8221;]<div  data-transition=\"slide\" data-overall_style=\"classic\" data-flexible-height=\"\" data-animate-in-effect=\"none\" data-fullscreen=\"true\" data-button-sizing=\"regular\" data-button-styling=\"btn_with_count\" data-autorotate=\"\" data-parallax=\"false\" data-parallax-disable-mobile=\"\" data-caption-trans=\"fade_in_from_bottom\" data-parallax-style=\"bg_only\" data-bg-animation=\"ken_burns\" data-full-width=\"true\" class=\"nectar-slider-wrap \" id=\"nectar-slider-instance-1\"><div class=\"swiper-container\"  data-tho=\"auto\" data-tco=\"auto\" data-pho=\"auto\" data-pco=\"auto\" data-loop=\"false\" data-height=\"650\" data-min-height=\"\" data-arrows=\"false\" data-bullets=\"false\" data-bullet_style=\"see_through\" data-bullet_position=\"bottom\" data-desktop-swipe=\"false\" data-settings=\"\"> <div class=\"swiper-wrapper\"><div class=\"swiper-slide\" data-desktop-content-width=\"auto\" data-tablet-content-width=\"auto\" data-bg-alignment=\"center\" data-color-scheme=\"light\" data-x-pos=\"left\" data-y-pos=\"middle\" ><div class=\"slide-bg-wrap\"><div class=\"image-bg\" style=\"background-image: url(https:\/\/www.hotelhanoibegur.com\/wp-content\/uploads\/2022\/03\/hanoi_beaches3.jpg);\"> &nbsp; <\/div><\/div><div class=\"container\">\n\t\t\t\t\t\t<div class=\"content\"><h2>Plages<\/h2><p  ><span>Une destination incroyable<\/span><\/p><\/div>\n\t\t\t\t\t\t\t\t<\/div><!--\/container--><a href=\"#\" class=\"slider-down-arrow no-border\"><svg class=\"nectar-scroll-icon\" viewBox=\"0 0 30 45\" enable-background=\"new 0 0 30 45\">\n\t\t\t\t\t\t\t\t\t<path class=\"nectar-scroll-icon-path\" fill=\"none\" stroke=\"#ffffff\" stroke-width=\"2\" stroke-miterlimit=\"10\" d=\"M15,1.118c12.352,0,13.967,12.88,13.967,12.88v18.76  c0,0-1.514,11.204-13.967,11.204S0.931,32.966,0.931,32.966V14.05C0.931,14.05,2.648,1.118,15,1.118z\"><\/path>\n\t\t\t\t\t\t\t\t\t<\/svg><\/a><div class=\"video-texture \"> <span class=\"ie-fix\"><\/span> <\/div><\/div> <!--\/swiper-slide--><\/div><div class=\"nectar-slider-loading \"> <span class=\"loading-icon none\">   <\/span> <\/div> <\/div> \n\t\t\t\t\t\n\t\t\t\t\t<\/div>[\/vc_column][\/vc_row][vc_row type=&#8221;in_container&#8221; full_screen_row_position=&#8221;middle&#8221; column_margin=&#8221;default&#8221; column_direction=&#8221;default&#8221; column_direction_tablet=&#8221;default&#8221; column_direction_phone=&#8221;default&#8221; scene_position=&#8221;center&#8221; top_padding=&#8221;4%&#8221; bottom_padding=&#8221;4%&#8221; text_color=&#8221;dark&#8221; text_align=&#8221;left&#8221; row_border_radius=&#8221;none&#8221; row_border_radius_applies=&#8221;bg&#8221; id=&#8221;your-hotel&#8221; overlay_strength=&#8221;0.3&#8243; gradient_direction=&#8221;left_to_right&#8221; shape_divider_position=&#8221;bottom&#8221; bg_image_animation=&#8221;none&#8221; shape_type=&#8221;&#8221;][vc_column column_padding=&#8221;padding-3-percent&#8221; column_padding_tablet=&#8221;inherit&#8221; column_padding_phone=&#8221;inherit&#8221; column_padding_position=&#8221;all&#8221; background_color_opacity=&#8221;1&#8243; background_hover_color_opacity=&#8221;1&#8243; font_color=&#8221;#d24a5a&#8221; column_shadow=&#8221;none&#8221; column_border_radius=&#8221;none&#8221; column_link_target=&#8221;_self&#8221; gradient_direction=&#8221;left_to_right&#8221; overlay_strength=&#8221;0.3&#8243; width=&#8221;1\/1&#8243; tablet_width_inherit=&#8221;default&#8221; tablet_text_alignment=&#8221;default&#8221; phone_text_alignment=&#8221;default&#8221; column_border_width=&#8221;none&#8221; column_border_style=&#8221;solid&#8221; bg_image_animation=&#8221;none&#8221;][vc_column_text]\n<h2 style=\"text-align: center;\"><span style=\"color: #d24a5a;\">Plages de Begur<\/span><\/h2>\n[\/vc_column_text][divider line_type=&#8221;No Line&#8221;][vc_column_text]\n<h6 style=\"text-align: center;\"><span style=\"color: #808085;\">Comme le dit Patrick Beau, cette terre &#8220;continue d&#8217;attirer des oiseaux aux plumes color\u00e9es et des personnes extraordinaires telles que des musiciens, des peintres, des acteurs, des \u00e9crivains et autres cr\u00e9atures cr\u00e9atives.<\/span><\/h6>\n<h6 style=\"text-align: center;\"><span style=\"color: #808085;\">Ils donnent tous \u00e0 la r\u00e9gion son aura. Ici, il n&#8217;est pas difficile de rencontrer des artistes li\u00e9s \u00e0 la r\u00e9gion. Mais c&#8217;est aussi une destination privil\u00e9gi\u00e9e pour les touristes, les amoureux, les historiens, les familles et les personnes du monde entier qui recherchent un havre de tranquillit\u00e9 unique en M\u00e9diterran\u00e9e. De la pure magie. Une centaine de kilom\u00e8tres pour savourer l&#8217;art de la bonne vie.<\/span><\/h6>\n<h6 style=\"text-align: center;\"><span style=\"color: #808085;\">De Begur \u00e0 L&#8217;Estartit, en passant par l&#8217;int\u00e9rieur du Baix Empord\u00e0, l&#8217;hospitalit\u00e9, les paysages et la bonne gastronomie, \u00e0 un rythme de vie diff\u00e9rent, chaque saison a son charme et, que vous le visitiez pendant les mois les plus chauds ou les plus frais, il a toujours une beaut\u00e9 cam\u00e9l\u00e9on.<\/span><\/h6>\n<h6 style=\"text-align: center;\"><span style=\"color: #808085;\">Cette destination n&#8217;est pas surpeupl\u00e9e en \u00e9t\u00e9, surtout si vous voulez profiter des attractions naturelles, de l&#8217;histoire et de la gastronomie de la r\u00e9gion de l&#8217;Empord\u00e0.Il ne fait aucun doute que la Costa Brava en g\u00e9n\u00e9ral et Begur en particulier cachent les plages les plus sauvages de la M\u00e9diterran\u00e9e. Avec ses eaux cristallines, elle est connue pour \u00eatre l&#8217;une des destinations de plong\u00e9e les plus spectaculaires de la c\u00f4te ib\u00e9rique.<\/span><\/h6>\n<h6 style=\"text-align: center;\"><span style=\"color: #808085;\">Vous y trouverez du sable fin et des galets polis, des criques accueillantes et de longues plages romantiques, des fonds marins bleu saphir et vert \u00e9meraude.<\/span><\/h6>\n[\/vc_column_text][\/vc_column][\/vc_row][vc_row type=&#8221;in_container&#8221; full_screen_row_position=&#8221;middle&#8221; column_margin=&#8221;20px&#8221; column_direction=&#8221;default&#8221; column_direction_tablet=&#8221;default&#8221; column_direction_phone=&#8221;default&#8221; scene_position=&#8221;center&#8221; bottom_padding=&#8221;54&#8243; text_color=&#8221;dark&#8221; text_align=&#8221;left&#8221; row_border_radius=&#8221;none&#8221; row_border_radius_applies=&#8221;bg&#8221; overlay_strength=&#8221;0.3&#8243; gradient_direction=&#8221;left_to_right&#8221; shape_divider_position=&#8221;bottom&#8221; bg_image_animation=&#8221;none&#8221; shape_type=&#8221;&#8221;][vc_column column_padding=&#8221;no-extra-padding&#8221; column_padding_tablet=&#8221;inherit&#8221; column_padding_phone=&#8221;inherit&#8221; column_padding_position=&#8221;all&#8221; centered_text=&#8221;true&#8221; background_color_opacity=&#8221;1&#8243; background_hover_color_opacity=&#8221;1&#8243; column_shadow=&#8221;none&#8221; column_border_radius=&#8221;none&#8221; column_link_target=&#8221;_self&#8221; gradient_direction=&#8221;left_to_right&#8221; overlay_strength=&#8221;0.3&#8243; width=&#8221;1\/2&#8243; tablet_width_inherit=&#8221;default&#8221; tablet_text_alignment=&#8221;default&#8221; phone_text_alignment=&#8221;default&#8221; column_border_width=&#8221;none&#8221; column_border_style=&#8221;solid&#8221; bg_image_animation=&#8221;none&#8221;][team_member image_url=&#8221;10683&#8243; bio_alt_image_url=&#8221;10288&#8243; team_memeber_style=&#8221;bio_fullscreen_alt&#8221; image_loading=&#8221;default&#8221; name=&#8221;AIGUAFREDA&#8221; job_position=&#8221;Plage&#8221; team_member_mini_bio=&#8221;Plage \u00e0 la nature sauvage unique et aux fonds marins extraordinairement latents.&#8221; team_member_bio=&#8221;\u00c0 l&#8217;est de la ville de Begur se trouve Aiguafreda. Cette petite crique accueillante est prot\u00e9g\u00e9e par le Puig Rod\u00f3 et dispose d&#8217;une jet\u00e9e pour les petits bateaux. La tranquillit\u00e9 environnante, ainsi que la source d&#8217;eau naturelle, en font un lieu id\u00e9al pour passer toute la journ\u00e9e. Cette crique est naturellement isol\u00e9e et prot\u00e9g\u00e9e par la Punta d&#8217;es Plom et le Cap Sa Sal. Presque intacte, elle conserve sa beaut\u00e9 mill\u00e9naire et se distingue par la tranquillit\u00e9 et la qualit\u00e9 de ses eaux pures et cristallines.&#8221; social_link_1=&#8221;https:\/\/www.instagram.com\/conventgrup\/&#8221; social_link_2=&#8221;https:\/\/www.facebook.com\/conventgrup\/&#8221; social_icon_1=&#8221;fa fa-instagram&#8221; social_icon_2=&#8221;fa fa-facebook&#8221;][\/vc_column][vc_column column_padding=&#8221;no-extra-padding&#8221; column_padding_tablet=&#8221;inherit&#8221; column_padding_phone=&#8221;inherit&#8221; column_padding_position=&#8221;all&#8221; centered_text=&#8221;true&#8221; background_color_opacity=&#8221;1&#8243; background_hover_color_opacity=&#8221;1&#8243; column_shadow=&#8221;none&#8221; column_border_radius=&#8221;none&#8221; column_link_target=&#8221;_self&#8221; gradient_direction=&#8221;left_to_right&#8221; overlay_strength=&#8221;0.3&#8243; width=&#8221;1\/2&#8243; tablet_width_inherit=&#8221;default&#8221; tablet_text_alignment=&#8221;default&#8221; phone_text_alignment=&#8221;default&#8221; column_border_width=&#8221;none&#8221; column_border_style=&#8221;solid&#8221; bg_image_animation=&#8221;none&#8221;][team_member image_url=&#8221;10693&#8243; bio_alt_image_url=&#8221;10695&#8243; team_memeber_style=&#8221;bio_fullscreen_alt&#8221; image_loading=&#8221;default&#8221; name=&#8221;SA RIERA&#8221; job_position=&#8221;Plage&#8221; team_member_mini_bio=&#8221;Magique, paisible et authentique. Une des plages incontournables de Begur.&#8221; team_member_bio=&#8221;Un v\u00e9ritable luxe pour les \u00e2mes romantiques. Une crique spectaculaire prot\u00e9g\u00e9e par la nature sauvage la plus caract\u00e9ristique de la r\u00e9gion. Promenez-vous sur un chemin naturel \u00e0 c\u00f4t\u00e9 de l&#8217;h\u00f4tel Convent de Begur ou allez en voiture, pour atteindre un lieu enchanteur plein de magie et d&#8217;inspiration, Sa Riera, qui tire son nom du torrent qui coulait sur ses rives.&#8221; social_link_1=&#8221;https:\/\/www.instagram.com\/conventgrup\/&#8221; social_link_2=&#8221;https:\/\/www.facebook.com\/conventgrup\/&#8221; social_icon_1=&#8221;fa fa-instagram&#8221; social_icon_2=&#8221;fa fa-facebook&#8221;][\/vc_column][\/vc_row][vc_row type=&#8221;in_container&#8221; full_screen_row_position=&#8221;middle&#8221; column_margin=&#8221;20px&#8221; column_direction=&#8221;default&#8221; column_direction_tablet=&#8221;default&#8221; column_direction_phone=&#8221;default&#8221; scene_position=&#8221;center&#8221; text_color=&#8221;dark&#8221; text_align=&#8221;center&#8221; row_border_radius=&#8221;none&#8221; row_border_radius_applies=&#8221;bg&#8221; overlay_strength=&#8221;0.3&#8243; gradient_direction=&#8221;left_to_right&#8221; shape_divider_position=&#8221;bottom&#8221; bg_image_animation=&#8221;none&#8221; shape_type=&#8221;&#8221;][vc_column column_padding=&#8221;no-extra-padding&#8221; column_padding_tablet=&#8221;inherit&#8221; column_padding_phone=&#8221;inherit&#8221; column_padding_position=&#8221;all&#8221; centered_text=&#8221;true&#8221; background_color_opacity=&#8221;1&#8243; background_hover_color_opacity=&#8221;1&#8243; column_shadow=&#8221;none&#8221; column_border_radius=&#8221;none&#8221; column_link_target=&#8221;_self&#8221; gradient_direction=&#8221;left_to_right&#8221; overlay_strength=&#8221;0.3&#8243; width=&#8221;1\/2&#8243; tablet_width_inherit=&#8221;default&#8221; tablet_text_alignment=&#8221;default&#8221; phone_text_alignment=&#8221;default&#8221; column_border_width=&#8221;none&#8221; column_border_style=&#8221;solid&#8221; bg_image_animation=&#8221;none&#8221;][team_member image_url=&#8221;10697&#8243; bio_alt_image_url=&#8221;10699&#8243; team_memeber_style=&#8221;bio_fullscreen_alt&#8221; image_loading=&#8221;lazy-load&#8221; name=&#8221;AIGUABLAVA&#8221; job_position=&#8221;Plage&#8221; team_member_mini_bio=&#8221;Plage authentique flanqu\u00e9e de beaux rochers et de restaurants id\u00e9aux.&#8221; team_member_bio=&#8221;Cette plage de sable fin poss\u00e8de un fond marin bleu et peu profond. C&#8217;est l&#8217;une des destinations gastronomiques pr\u00e9f\u00e9r\u00e9es non seulement de Begur, mais aussi de toute la Costa Brava, car elle abrite le restaurant romantique Toc al Mar, o\u00f9 vous pourrez d\u00e9guster un inoubliable riz noir de Pals ou un homard grill\u00e9. Depuis Toc al Mar, vous pouvez admirer cette plage spectaculaire, sa faune et les belles vues sur le Cap de Begur et les collines vertes couvertes de pins qui entourent l&#8217;est de cette ville. L&#8217;un des principaux points d&#8217;int\u00e9r\u00eat est le magnifique et hypnotique sentier c\u00f4tier, qui commence \u00e0 droite de la crique, \u00e0 l&#8217;abri de l&#8217;ombre des pins et d&#8217;une balustrade en bois. D&#8217;ici, ce qui ressort le plus est la couleur saphir de la c\u00f4te de Begur.&#8221; social_link_1=&#8221;https:\/\/www.instagram.com\/conventgrup\/&#8221; social_link_2=&#8221;https:\/\/www.facebook.com\/conventgrup\/&#8221; social_icon_1=&#8221;fa fa-instagram&#8221; social_icon_2=&#8221;fa fa-facebook&#8221;][\/vc_column][vc_column column_padding=&#8221;no-extra-padding&#8221; column_padding_tablet=&#8221;inherit&#8221; column_padding_phone=&#8221;inherit&#8221; column_padding_position=&#8221;all&#8221; centered_text=&#8221;true&#8221; background_color_opacity=&#8221;1&#8243; background_hover_color_opacity=&#8221;1&#8243; column_shadow=&#8221;none&#8221; column_border_radius=&#8221;none&#8221; column_link_target=&#8221;_self&#8221; gradient_direction=&#8221;left_to_right&#8221; overlay_strength=&#8221;0.3&#8243; width=&#8221;1\/2&#8243; tablet_width_inherit=&#8221;default&#8221; tablet_text_alignment=&#8221;default&#8221; phone_text_alignment=&#8221;default&#8221; column_border_width=&#8221;none&#8221; column_border_style=&#8221;solid&#8221; bg_image_animation=&#8221;none&#8221;][team_member image_url=&#8221;10701&#8243; bio_alt_image_url=&#8221;10683&#8243; team_memeber_style=&#8221;bio_fullscreen_alt&#8221; image_loading=&#8221;lazy-load&#8221; name=&#8221;CAMINOS DE RONDA SENDEROS COSTEROS&#8221; job_position=&#8221;Plage&#8221; team_member_mini_bio=&#8221;Vous appr\u00e9cierez notre recommandation de vous promener au moins sur une partie des sentiers c\u00f4tiers.&#8221; team_member_bio=&#8221;Il s&#8217;agit, sans aucun doute, d&#8217;une exp\u00e9rience inoubliable pour ceux qui ne souffrent pas de vertige. Se promener sur les sentiers de ce chemin c\u00f4tier le long de falaises de pr\u00e8s de 1 000 m\u00e8tres de haut est l&#8217;une des attractions les plus importantes de Begur et de la Costa Brava. Historiquement, ces \u00e9troits chemins c\u00f4tiers \u00e9taient utilis\u00e9s comme un passage s\u00fbr pour les contrebandiers de tabac et les p\u00eacheurs de la r\u00e9gion. Aujourd&#8217;hui, nous pouvons \u00e9galement voir quelques maisons priv\u00e9es avec un acc\u00e8s \u00e0 de majestueuses criques priv\u00e9es via des marches en pierre. Ces chemins sont l&#8217;une des raisons pour lesquelles des milliers de touristes visitent la Costa Brava chaque ann\u00e9e. Le Cam\u00ed de Ronda a une longueur totale d&#8217;environ 20 kilom\u00e8tres, mais il est divis\u00e9 en quatre sections le long de la c\u00f4te, que nous avons r\u00e9sum\u00e9es ci-dessous. Notre charmant h\u00f4tel de Begur vous invite \u00e0 suivre l&#8217;un d&#8217;eux&#8230; N&#8217;h\u00e9sitez pas \u00e0 nous poser des questions et nous serons heureux de vous fournir une carte et un guide GPS. Sa Riera &#8211; Illa Roja &#8211; Platja del Rac\u00f3 &#8211; Illa Roja &#8211; chemin de Sa Riera (1h 30min, 1&#8217;6km)Sa Riera &#8211; Punta de la Creu &#8211; chemin de Sa Riera (1h, 3km)Aiguafreda &#8211; Sa Tuna &#8211; chemin d&#8217;Aiguafreda (40min, 2,25km)Aiguablava &#8211; Fornells &#8211; Platja Fonda &#8211; Fornells &#8211; chemin d&#8217;Aiguablava (2h, entre 2 et 5km)&#8221; social_link_1=&#8221;https:\/\/www.instagram.com\/conventgrup\/&#8221; social_link_2=&#8221;https:\/\/www.facebook.com\/conventgrup\/&#8221; social_icon_1=&#8221;fa fa-instagram&#8221; social_icon_2=&#8221;fa fa-facebook&#8221;][\/vc_column][\/vc_row]\n","protected":false},"excerpt":{"rendered":"<p>[vc_row type=&#8221;in_container&#8221; full_screen_row_position=&#8221;middle&#8221; column_margin=&#8221;default&#8221; column_direction=&#8221;default&#8221; column_direction_tablet=&#8221;default&#8221; column_direction_phone=&#8221;default&#8221; scene_position=&#8221;center&#8221; text_color=&#8221;dark&#8221; text_align=&#8221;left&#8221; row_border_radius=&#8221;none&#8221; row_border_radius_applies=&#8221;bg&#8221; overlay_strength=&#8221;0.3&#8243; gradient_direction=&#8221;left_to_right&#8221; shape_divider_position=&#8221;bottom&#8221; bg_image_animation=&#8221;none&#8221;][vc_column column_padding=&#8221;no-extra-padding&#8221; column_padding_tablet=&#8221;inherit&#8221; column_padding_phone=&#8221;inherit&#8221; column_padding_position=&#8221;all&#8221; background_color_opacity=&#8221;1&#8243; background_hover_color_opacity=&#8221;1&#8243; column_shadow=&#8221;none&#8221; column_border_radius=&#8221;none&#8221; column_link_target=&#8221;_self&#8221; gradient_direction=&#8221;left_to_right&#8221; overlay_strength=&#8221;0.3&#8243; width=&#8221;1\/1&#8243; tablet_width_inherit=&#8221;default&#8221; tablet_text_alignment=&#8221;default&#8221;&#8230;<\/p>\n","protected":false},"author":3,"featured_media":0,"parent":0,"menu_order":0,"comment_status":"closed","ping_status":"closed","template":"","meta":{"_joinchat":[]},"_links":{"self":[{"href":"https:\/\/www.hotelhanoibegur.com\/fr\/wp-json\/wp\/v2\/pages\/10960"}],"collection":[{"href":"https:\/\/www.hotelhanoibegur.com\/fr\/wp-json\/wp\/v2\/pages"}],"about":[{"href":"https:\/\/www.hotelhanoibegur.com\/fr\/wp-json\/wp\/v2\/types\/page"}],"author":[{"embeddable":true,"href":"https:\/\/www.hotelhanoibegur.com\/fr\/wp-json\/wp\/v2\/users\/3"}],"replies":[{"embeddable":true,"href":"https:\/\/www.hotelhanoibegur.com\/fr\/wp-json\/wp\/v2\/comments?post=10960"}],"version-history":[{"count":3,"href":"https:\/\/www.hotelhanoibegur.com\/fr\/wp-json\/wp\/v2\/pages\/10960\/revisions"}],"predecessor-version":[{"id":11102,"href":"https:\/\/www.hotelhanoibegur.com\/fr\/wp-json\/wp\/v2\/pages\/10960\/revisions\/11102"}],"wp:attachment":[{"href":"https:\/\/www.hotelhanoibegur.com\/fr\/wp-json\/wp\/v2\/media?parent=10960"}],"curies":[{"name":"wp","href":"https:\/\/api.w.org\/{rel}","templated":true}]}}